{"id":341,"date":"2022-04-13T11:15:50","date_gmt":"2022-04-13T08:15:50","guid":{"rendered":"https:\/\/www.elieradu.ro\/newelieradu\/?page_id=341"},"modified":"2026-03-30T15:09:05","modified_gmt":"2026-03-30T12:09:05","slug":"prima-pagina","status":"publish","type":"page","link":"https:\/\/www.elieradu.ro\/newelieradu\/prima-pagina\/","title":{"rendered":"Prima pagina"},"content":{"rendered":"\n<p class=\"has-text-align-center has-large-font-size\"><strong>BINE ATI VENIT<\/strong><\/p>\n\n\n\n<figure class=\"wp-block-image size-full\"><img loading=\"lazy\" decoding=\"async\" width=\"704\" height=\"472\" src=\"https:\/\/www.elieradu.ro\/newelieradu\/wp-content\/uploads\/2026\/03\/flo.jpg\" alt=\"\" class=\"wp-image-4586\" srcset=\"https:\/\/www.elieradu.ro\/newelieradu\/wp-content\/uploads\/2026\/03\/flo.jpg 704w, https:\/\/www.elieradu.ro\/newelieradu\/wp-content\/uploads\/2026\/03\/flo-300x201.jpg 300w\" sizes=\"auto, (max-width: 704px) 100vw, 704px\" \/><\/figure>\n\n\n\n<p>Sindicatul Drumarilor \u201eElie Radu\u201d: O tradi\u021bie de peste dou\u0103 decenii \u00een slujba membrilor no\u0219tri<br>De 24 de ani, vocea drumarilor din Rom\u00e2nia se aude prin Sindicatul \u201eElie Radu\u201d. Fondat \u00een anul 2000, Sindicatul Drumarilor \u201eElie Radu\u201d a parcurs un drum impresionant .Am crescut de aproape 5 ori de la \u00eenfiin\u021bare, demonstr\u00e2nd c\u0103 solidaritatea este cea mai bun\u0103 strategie, de la 1000 de membrii la peste 4800 cat suntem in prezent .<br> Misiunea noastr\u0103: Protec\u021bie \u0219i Transparen\u021b\u0103 Obiectivul nostru fundamental r\u0103m\u00e2ne ap\u0103rarea drepturilor membrilor prin monitorizarea strict\u0103 a respect\u0103rii legisla\u021biei muncii si Contractului Colectiv de munca . Suntem o organiza\u021bie deschis\u0103 tuturor categoriilor profesionale din CNAIR \u2014 de la muncitori \u0219i tehnicieni, la ingineri \u0219i personal de conducere \u2014 uni\u021bi de acela\u0219i contract individual de munc\u0103.<br>Pilonii activit\u0103\u021bii noastre:<br>\u2022 Guvernan\u021b\u0103 participativ\u0103: Deciziile majore se iau anual \u00een cadrul Adun\u0103rii Generale (martie), activitatea curent\u0103 fiind coordonat\u0103 de Comitetul Sindicatului \u0219i Biroul Permanent (10 membri).<br>\u2022 Transparen\u021b\u0103 total\u0103: Lunar, transmitem buletinul \u201eInfo Sindicat\u201d care include situa\u021bia membrilor \u0219i detalierea ajutoarelor materiale acordate. Gestiunea financiar\u0103 este asigurat\u0103 prin balan\u021be lunare \u0219i bilan\u021buri anuale riguroase.<br>\u2022 Suport Juridic: Membrii no\u0219tri beneficiaz\u0103 de asisten\u021b\u0103 juridic\u0103 specializat\u0103 (dup\u0103 6 luni de la \u00eenscriere), prin juri\u0219tii no\u0219tri sau avoca\u021bi colaboratori.<br>Afiliere: Suntem afilia\u021bi la Blocul Na\u021bional Sindical \u0219i r\u0103m\u00e2nem dedica\u021bi misiunii de a transforma provoc\u0103rile profesionale \u00een victorii colective. Indiferent de specializarea ta, vocea ta conteaz\u0103.<br>\u2022 Dac\u0103 e\u0219ti salariat CNAIR, locul t\u0103u este al\u0103turi de noi. E simplu! Intra pe <strong>www.elieradu.ro<\/strong> , sectiunea \u201c <a href=\"https:\/\/www.elieradu.ro\/newelieradu\/wp-content\/uploads\/2023\/03\/cerere_de_inscriere_si_acord_prelucrare_date.pdf\" target=\"_blank\" rel=\"noopener\" title=\"CERERE DE INSCRIERE\">CERERE DE INSCRIERE<\/a>\u201d ,o complectezi ,o semnezi si o transmiti pe adresa de email: <strong>inscrierisindicatelieradu@gmail.com<\/strong> si intri in echipa noastra .<\/p>\n\n\n\n<p class=\"has-text-align-left\"><\/p>\n\n\n\n<p>Tr\u0103im vremuri \u00een care drumarii deconteaz\u0103 nemul\u021bumiri istorice. Este o perioad\u0103 \u00een care eforturile drumarilor sunt privite cu scepticism de c\u0103tre societate. Este timpul ca, \u00een anii ce urmeaz\u0103, rezultatele noastre s\u0103 vorbeasc\u0103 mai tare dec\u00e2t criticile, iar vocea speciali\u0219tilor s\u0103 fie \u00een sf\u00e2r\u0219it ascultat\u0103. Ne dorim ca viitorul s\u0103 aduc\u0103 o mai bun\u0103 recunoa\u0219tere a complexit\u0103\u021bii muncii noastre \u0219i un dialog bazat pe respect reciproc.<\/p>\n\n\n\n\n\n\n\n\n\n\n\n\n\n\n\n\n\n\n\n\n\n\n\n\n\n\n\n\n\n\n\n\n\n\n\n\n\n\n\n\n","protected":false},"excerpt":{"rendered":"<p>BINE ATI VENIT Sindicatul Drumarilor \u201eElie Radu\u201d: O tradi\u021bie de peste dou\u0103 decenii \u00een slujba membrilor no\u0219triDe 24 de ani, vocea drumarilor din Rom\u00e2nia se aude prin Sindicatul \u201eElie Radu\u201d. Fondat \u00een anul 2000, Sindicatul Drumarilor \u201eElie Radu\u201d a parcurs&#8230;<\/p>\n","protected":false},"author":1,"featured_media":344,"parent":0,"menu_order":0,"comment_status":"closed","ping_status":"closed","template":"","meta":{"_eb_attr":"","footnotes":""},"class_list":["post-341","page","type-page","status-publish","has-post-thumbnail","hentry"],"aioseo_notices":[],"_links":{"self":[{"href":"https:\/\/www.elieradu.ro\/newelieradu\/wp-json\/wp\/v2\/pages\/341","targetHints":{"allow":["GET"]}}],"collection":[{"href":"https:\/\/www.elieradu.ro\/newelieradu\/wp-json\/wp\/v2\/pages"}],"about":[{"href":"https:\/\/www.elieradu.ro\/newelieradu\/wp-json\/wp\/v2\/types\/page"}],"author":[{"embeddable":true,"href":"https:\/\/www.elieradu.ro\/newelieradu\/wp-json\/wp\/v2\/users\/1"}],"replies":[{"embeddable":true,"href":"https:\/\/www.elieradu.ro\/newelieradu\/wp-json\/wp\/v2\/comments?post=341"}],"version-history":[{"count":89,"href":"https:\/\/www.elieradu.ro\/newelieradu\/wp-json\/wp\/v2\/pages\/341\/revisions"}],"predecessor-version":[{"id":4906,"href":"https:\/\/www.elieradu.ro\/newelieradu\/wp-json\/wp\/v2\/pages\/341\/revisions\/4906"}],"wp:featuredmedia":[{"embeddable":true,"href":"https:\/\/www.elieradu.ro\/newelieradu\/wp-json\/wp\/v2\/media\/344"}],"wp:attachment":[{"href":"https:\/\/www.elieradu.ro\/newelieradu\/wp-json\/wp\/v2\/media?parent=341"}],"curies":[{"name":"wp","href":"https:\/\/api.w.org\/{rel}","templated":true}]}}