{"id":3059,"date":"2023-03-01T15:05:27","date_gmt":"2023-03-01T13:05:27","guid":{"rendered":"https:\/\/www.elieradu.ro\/newelieradu\/?page_id=3059"},"modified":"2023-03-01T15:18:18","modified_gmt":"2023-03-01T13:18:18","slug":"informarea-privind-datele-cu-caracter-personal","status":"publish","type":"page","link":"https:\/\/www.elieradu.ro\/newelieradu\/informarea-privind-datele-cu-caracter-personal\/","title":{"rendered":"Informare &#8211; privind prelucrarea datele cu caracter personal"},"content":{"rendered":"\n<p class=\"has-text-align-center\"><\/p>\n\n\n\n<ul class=\"wp-block-list\">\n<li><strong>Prelucrarea Datelor cu Caracter Personal de c\u0103tre Sindicatul ELIE RADU prin intermediul prezentului web site<\/strong><\/li>\n<\/ul>\n\n\n\n<p>Sindicatul Drumarilor \u201cElie Radu\u201d, v\u0103 informeaz\u0103, prin prezenta, despre prelucrarea datelor dvs. cu caracter personal \u0219i despre drepturile pe care le ave\u021bi \u00een conformitate cu Regulamentul UE 2016\/679 <em>al Parlamentului European \u0219i al Consiliului din 27 aprilie 2016<\/em> (denumit \u00een continuare R.G.P.D.) \u0219i \u00een conformitate cu <em>legisla\u021bia na\u021bional\u0103 privind protec\u021bia \u0219i securitatea datelor personale<\/em>, \u00een vigoare, atunci c\u00e2nd interac\u021biona\u021bi cu organiza\u021bia noastr\u0103 sindical\u0103 sau cu site-ul nostru.<\/p>\n\n\n\n<p>\u00cen cele ce urmeaz\u0103, dorim s\u0103 v\u0103 supunem aten\u021biei \u0219i totodat\u0103 s\u0103 v\u0103 ajut\u0103m s\u0103 \u00een\u021belege\u021bi procedeul de prelucrare a datelor dvs. cu caracter personal.<\/p>\n\n\n\n<p><strong><br>Principiile prelucr\u0103rii datelor cu caracter personal:<\/strong><\/p>\n\n\n\n<ul class=\"wp-block-list\">\n<li>Datele dumneavoastr\u0103 cu caracter personal sunt colectate \u0219i prelucrate \u00een mod legal, echitabil \u0219i transparent.<\/li>\n\n\n\n<li>Colect\u0103m datele dvs. \u00een scopuri bine determinate, explicite \u0219i legitime \u00een conformitate cu prevederile legale \u00een vigoare, iar prelucrarea ulterioar\u0103, dac\u0103 va exista, nu va fi incompatibil\u0103 cu aceste scopuri.<\/li>\n\n\n\n<li>Datele cu caracter personal nu se stocheaz\u0103 pe o perioad\u0103 mai lung\u0103 dec\u00e2t este necesar realiz\u0103rii scopului pentru care au fost colectate.<\/li>\n\n\n\n<li>Sindicatul Drumarilor \u201cElie Radu\u201d a luat m\u0103suri tehnice \u0219i organizatorice pentru a v\u0103 proteja datele \u00eempotriva prelucr\u0103rii ilegale, neautorizate, pierderii, distrugerii, dezv\u0103luirii, deterior\u0103rii accidentale \u0219i cu privire la \u0219tergerea sau rectificarea datelor inexacte sau incomplete, strict \u00een scopul activit\u0103\u021bilor sindicale pe care le desf\u0103\u0219ur\u0103m.<\/li>\n<\/ul>\n\n\n\n<p><strong><br>Categoriile de date pe care le prelucr\u0103m \u0219i scopul utiliz\u0103rii datelor cu caracter personal de c\u0103tre Sindicatul Na\u021bional Elie Radu:<\/strong><\/p>\n\n\n\n<ul class=\"wp-block-list\">\n<li>Colect\u0103m datele dvs. precum: nume, prenume, adres\u0103, N.P., serie \u0219i nr. B.I\/C.I., func\u021bia de\u021binut\u0103 la locul de munc\u0103, denumirea angajatorului, num\u0103r de telefon, profesie, studii \u0219i alte date necesare pentru realizarea obiectului nostru de activitate \u0219i cu respectarea legisla\u021biei privind organiza\u021biile sindicale.<\/li>\n\n\n\n<li>Colect\u0103m \u0219i prelucr\u0103m date \u00een momentul acces\u0103rii web-site-ului prin intermediul fi\u0219ierelor de tip cookie astfel:<\/li>\n\n\n\n<li>La accesarea paginii noastre de internet, sunt transmise automat, f\u0103r\u0103 vreo interven\u021bie din partea dumneavoastr\u0103 de c\u0103tre browser-ul utilizat pe terminalul dvs. c\u0103tre server-ul paginii noastre web, informa\u021biile privind: adresa de IP a terminalului dvs. conectat la internet, data \u0219i ora acces\u0103rii, browser-ul utilizat de dvs. Aceste informa\u021bii sunt stocate temporar \u00een urm\u0103toarele scopuri: asigurarea unei conexiuni optime la website-ul nostru, evaluarea siguran\u021bei \u0219i stabilit\u0103\u021bii sistemului.<\/li>\n\n\n\n<li>Aceste cookies sunt fi\u0219iere mici stocate pe dispozitivul dvs. (ex. laptop, PC, tablet\u0103, smart-phone) atunci c\u00e2nd ne vizita\u021bi pagina web. Cookies nu afecteaz\u0103 aparatul dvs. sub nicio form\u0103 \u0219i nu con\u021bin viru\u0219i. \u00cen cookie sunt informa\u021bii care rezult\u0103 \u00een leg\u0103tur\u0103 cu dispozitivul utilizat de dvs. Acest lucru nu \u00eenseamn\u0103 \u00eens\u0103 c\u0103 ne parvin direct date cu privire la identitatea dvs. Accesarea paginii web implic\u0103 acceptul dumneavoastr\u0103, accept ce se poate modifica la fiecare vizit\u0103 pe site.<\/li>\n\n\n\n<li>\u00cen cazul \u00een care nu exist\u0103 alt temei pentru solicitarea datelor dumneavoastr\u0103 utiliz\u0103m ca temei consim\u021b\u0103m\u00e2ntul liber acordat.<\/li>\n\n\n\n<li>Refuzul dvs. de a furniza aceste date ne va pune \u00een imposibilitatea de a v\u0103 oferi serviciile necesare.<\/li>\n<\/ul>\n\n\n\n<p><strong><br>Destinatarii datelor dvs.:<\/strong><\/p>\n\n\n\n<ul class=\"wp-block-list\">\n<li>Datele cu caracter personal colectate \u00een condi\u021biile prezentate mai sus sunt destinate prelucr\u0103rii exclusive de c\u0103tre Sindicatul Drumarilor \u201cElie Radu\u201d&nbsp; \u0219i nu vor fi transmise ter\u021belor persoane. Aceste date pot fi comunicate doar autorit\u0103\u021bilor statului \u0219i\/sau organelor de aplicare a legii, dac\u0103 acest lucru este impus de legisla\u021bia \u00een domeniu, sau dac\u0103 este necesar pentru exercitarea drepturilor noastre, inclusiv a condi\u021biilor de utilizare, sau pentru protejarea intereselor noastre legitime, \u00een conformitate cu legile aplicabile.<\/li>\n<\/ul>\n\n\n\n<p><strong><br>C\u00e2t timp sunt stocate datele dvs. cu caracter personal:<\/strong><\/p>\n\n\n\n<ul class=\"wp-block-list\">\n<li>Pentru scopurile legate de activitatea Sindicatului Drumarilor \u201cElie Radu\u201d, datele cu caracter personal vor fi stocate pe o perioad\u0103 limitat\u0103 de timp de 2 ani \u00een spa\u021bii protejate \u0219i \u00een conformitate cu condi\u021biile \u0219i prevederile legale, astfel:<\/li>\n\n\n\n<li>Datele colectate prin intermediul website-ului nostru se vor p\u0103stra at\u00e2t timp c\u00e2t este necesar pentru rezolvarea solicit\u0103rilor \/ reclama\u021biilor \/ peti\u021biilor pe care le transmite\u021bi.<\/li>\n\n\n\n<li>\u00cen cazul \u00een care prelucr\u0103m datele dumneavoastr\u0103 cu caracter personal \u00een temeiul consim\u021b\u0103m\u00e2ntului dvs., aceste date cu caracter personal vor fi prelucrate numai pentru perioada prev\u0103zut\u0103 prin consim\u021b\u0103m\u00e2nt, cu excep\u021bia cazului \u00een care v\u0103 retrage\u021bi sau limita\u021bi consim\u021b\u0103m\u00e2ntul \u00eenainte de expirarea acestei perioade. \u00cen astfel de cazuri, vom \u00eenceta prelucrarea datelor cu caracter personal respective \u00een scopurile relevante, sub rezerva oric\u0103rei obliga\u021bii legale de a prelucra aceste date cu caracter personal \u0219i\/sau a nevoii noastre de a prelucra aceste date cu caracter personal \u00een scopul exercit\u0103rii drepturilor noastre legitime (inclusiv a drepturilor legitime ale altor persoane).<\/li>\n<\/ul>\n\n\n\n<p><strong><br>Securitatea datelor:<\/strong><\/p>\n\n\n\n<ul class=\"wp-block-list\">\n<li>P\u0103str\u0103m datele cu caracter personal pe serverele noastre. Folosim m\u0103suri tehnice \u0219i organizatorice adecvate, menite s\u0103 v\u0103 protejeze datele \u0219i s\u0103 \u00eempiedice accesul neautorizat al altor persoane.<\/li>\n\n\n\n<li>Avem parteneriate \u00eencheiate cu ter\u021be persoane care ofer\u0103 servicii de g\u0103zduire \u0219i aceste contracte includ obliga\u021bii privind securitatea organiza\u021bional\u0103 \u0219i tehnic\u0103 a datelor cu caracterpersonal.<br>Datele colectate prin intermediul site-ului nostru, sunt prelucrate \u00een condi\u021bii de securitate, de c\u0103tre persoane autorizate \u00een conformitate cu legisla\u021bia \u00een vigoare, neexist\u00e2nd pericolul pierderii sau dezv\u0103luirii acestora \u00een condi\u021biile func\u021bion\u0103rii optime a internetului.<\/li>\n\n\n\n<li>Totu\u0219i transmiterea datelor prin intermediul internetului nu este complet sigur\u0103. De\u0219i vom face tot posibilul pentru a v\u0103 proteja datele, nu putem garanta securitatea datelor dvs. transmise pe website-ul nostru; orice transmisie se face la latitudinea dvs.<\/li>\n\n\n\n<li>V\u0103 inform\u0103m c\u0103 folosim proceduri stricte \u0219i caracteristici de securitate pentru a \u00eencerca s\u0103 \u00eempiedic\u0103m accesul neautorizat.<\/li>\n<\/ul>\n\n\n\n<p><strong>Drepturile dumneavoastr\u0103 de persoan\u0103 vizat\u0103:<\/strong><\/p>\n\n\n\n<ul class=\"wp-block-list\">\n<li>Organiza\u021bia noastr\u0103 sindical\u0103 respect\u0103 toate drepturile men\u021bionate \u00een R.G.P.D. \u0219i pune la dispozi\u021bie toate mijloacele adecvate prin intermediul c\u0103rora v\u0103 pute\u021bi exercita aceste drepturi \u00een conformitate cu detaliile men\u021bionate mai jos:<\/li>\n<\/ul>\n\n\n\n<p><strong>Dreptul la informare \u0219i acces <\/strong>care implic\u0103 posibilitatea de a ob\u021bine confirmarea de c\u0103tre sindicat a faptului c\u0103 datele dvs. cu caracter personal sunt sau nu prelucrate \u0219i, \u00een caz afirmativ, ave\u021bi dreptul s\u0103 solicita\u021bi acces la aceste date, precum \u0219i informa\u021bii suplimentare cu privire la datele cu caracter personal, cum ar fi: scopul prelucr\u0103rii, destinatarii datelor cu caracter personal comunicate, precum \u0219i perioada de p\u0103strare a acestora. \u00cen cazul \u00een care este necesar s\u0103 v\u0103 exercita\u021bi dreptul de acces, trebuie s\u0103 ne contacta\u021bi. Totodat\u0103 v\u0103 inform\u0103m de faptul c\u0103 pot exista situa\u021bii care nu sunt supuse dreptului de acces, cum ar fi informa\u021bii care identific\u0103 alte persoane sau care fac obiectul obliga\u021biilor de confiden\u021bialitate.<\/p>\n\n\n\n<p><strong>Dreptul la rectificare <\/strong>v\u0103 permite s\u0103 ne solicita\u021bi s\u0103 rectific\u0103m datele cu caracter personal inexacte de\u021binute, precum \u0219i s\u0103 complet\u0103m datele cu caracter personal incomplete. Vom modifica sau vom transmite solicit\u0103rile dvs. ter\u021belor persoane care trebuie sa le rectifice \u0219i v\u0103 vom \u00een\u0219tiin\u021ba \u00een acest sens \u00een termen de 30 de zile.<\/p>\n\n\n\n<p><strong>Dreptul la \u0219tergerea datelor<\/strong>, ceea ce \u00eenseamn\u0103 c\u0103, \u00een situa\u021biile reglementate expres prin lege, pute\u021bi solicita \u0219tergerea datelor dumneavoastr\u0103 cu caracter personal. V\u0103 rug\u0103m s\u0103 \u021bine\u021bi cont de faptul c\u0103 situa\u021biile \u00een care legea prevede posibilitatea de \u0219tergere a datelor cu caracter personal sunt echivalente cu situa\u021biile \u00een care prelucrarea acestora este ilegal\u0103, \u00een care prelucrarea datelor se bazeaz\u0103 pe consim\u021b\u0103m\u00e2ntul dvs., pe care l-a\u021bi retras sau \u00een cazul \u00een care datele cu caracter personal nu mai sunt necesare pentru \u00eendeplinirea scopurilor pentru care au fost colectate.<\/p>\n\n\n\n<p><strong>Dreptul la restric\u021bionarea prelucr\u0103rii datelor<\/strong>: Pentru a v\u0103 exercita acest drept ne pute\u021bi solicita s\u0103 oprim prelucrarea datelor \u00een urm\u0103toarele condi\u021bii \u0219i dac\u0103:<\/p>\n\n\n\n<ul class=\"wp-block-list\">\n<li>Contesta\u021bi corectitudinea datelor pentru o perioad\u0103 necesar\u0103 care s\u0103 ne permit\u0103 verificarea exactit\u0103\u021bii acestora;<\/li>\n\n\n\n<li>Prelucrarea este ilegal\u0103 \u0219i solicita\u021bi restric\u021bionarea prelucr\u0103rii \u00een favoarea \u0219tergerii datelor cu caracter personal;<\/li>\n\n\n\n<li>Datele dumneavoastr\u0103 nu mai sunt necesare organiza\u021biei noastre sindicale dar dumneavoastr\u0103 le solicita\u021bi pentru constatarea, exercitarea sau ap\u0103rarea unui drept \u00een justi\u021bie;<\/li>\n<\/ul>\n\n\n\n<p><strong>Dreptul de a v\u0103 opune prelucr\u0103rii<\/strong>: V\u0103 pute\u021bi opune prelucr\u0103rii datelor dvs. cu caracter personal de c\u0103tre noi, din motive care \u021bin de situa\u021bia dumneavoastr\u0103 particular\u0103, cu condi\u021bia ca prelucrarea s\u0103 nu se bazeze pe consim\u021b\u0103m\u00e2ntul dumneavoastr\u0103. Dreptul de a v\u0103 opune se aplic\u0103 numai situa\u021biilor \u00een care prelucrarea se bazeaz\u0103 pe interesul nostru legitim sau al unei ter\u021be persoane. \u00cen acest caz nu vom mai procesa datele cu caracter personal, dac\u0103 nu putem demonstra motive \u00eentemeiate, legitime \u0219i un interes major pentru prelucrarea sau pentru constatarea, exercitarea sau ap\u0103rarea unui drept \u00een instan\u021b\u0103.<\/p>\n\n\n\n<p><strong>Dreptul de a v\u0103 retrage consim\u021b\u0103m\u00e2ntul<\/strong> acordat pentru diverse opera\u021biuni de prelucrare, \u00een situa\u021bia \u00een care consim\u021b\u0103m\u00e2ntul reprezint\u0103 baza legal\u0103 a prelucr\u0103rii. \u00cen cazul \u00een care v\u0103 retrage\u021bi consim\u021b\u0103m\u00e2ntul privind prelucrarea datelor dvs. cu caracter personal, v\u0103 rug\u0103m s\u0103 re\u021bine\u021bi c\u0103 opera\u021biunile de prelucrare \u00eenceteaz\u0103 din momentul retragerii, f\u0103r\u0103 a afecta prelucrarea datelor care a avut loc anterior retragerii \u00een cauz\u0103.<\/p>\n\n\n\n<p><strong>Dreptul de a depune o pl\u00e2ngere<\/strong> se refer\u0103 la dreptul dumneavoastr\u0103 de a contesta modul \u00een care efectu\u0103m prelucrarea datelor dvs. cu caracter personal la autoritatea competent\u0103 pentru protec\u021bia datelor. \u00cen cazul \u00een care dori\u021bi s\u0103 v\u0103 exercita\u021bi oricare dintre drepturile enumerate mai sus sau s\u0103 ob\u021bine\u021bi informa\u021bii suplimentare sau clarific\u0103ri privind prelucrarea datelor dvs. cu caracter personal, v\u0103 rug\u0103m s\u0103 contacta\u021bi Sindicatul Drumarilor \u201cElie Radu\u201d printr-o solicitare scris\u0103 adresat\u0103 responsabilului pentru protec\u021bia datelor desemnat de organiza\u021bia noastr\u0103, sauprin e-mail, la adresa indicat\u0103 la sec\u021biunea Contact a website-ului nostru<em>.<\/em><\/p>\n","protected":false},"excerpt":{"rendered":"<p>Sindicatul Drumarilor \u201cElie Radu\u201d, v\u0103 informeaz\u0103, prin prezenta, despre prelucrarea datelor dvs. cu caracter personal \u0219i despre drepturile pe care le ave\u021bi \u00een conformitate cu Regulamentul UE 2016\/679 al Parlamentului European \u0219i al Consiliului din 27 aprilie 2016 (denumit \u00een&#8230;<\/p>\n","protected":false},"author":1,"featured_media":0,"parent":0,"menu_order":0,"comment_status":"closed","ping_status":"closed","template":"","meta":{"_eb_attr":"","footnotes":""},"class_list":["post-3059","page","type-page","status-publish","hentry","no-post-thumbnail"],"featured_image_src":null,"aioseo_notices":[],"_links":{"self":[{"href":"https:\/\/www.elieradu.ro\/newelieradu\/wp-json\/wp\/v2\/pages\/3059","targetHints":{"allow":["GET"]}}],"collection":[{"href":"https:\/\/www.elieradu.ro\/newelieradu\/wp-json\/wp\/v2\/pages"}],"about":[{"href":"https:\/\/www.elieradu.ro\/newelieradu\/wp-json\/wp\/v2\/types\/page"}],"author":[{"embeddable":true,"href":"https:\/\/www.elieradu.ro\/newelieradu\/wp-json\/wp\/v2\/users\/1"}],"replies":[{"embeddable":true,"href":"https:\/\/www.elieradu.ro\/newelieradu\/wp-json\/wp\/v2\/comments?post=3059"}],"version-history":[{"count":7,"href":"https:\/\/www.elieradu.ro\/newelieradu\/wp-json\/wp\/v2\/pages\/3059\/revisions"}],"predecessor-version":[{"id":3073,"href":"https:\/\/www.elieradu.ro\/newelieradu\/wp-json\/wp\/v2\/pages\/3059\/revisions\/3073"}],"wp:attachment":[{"href":"https:\/\/www.elieradu.ro\/newelieradu\/wp-json\/wp\/v2\/media?parent=3059"}],"curies":[{"name":"wp","href":"https:\/\/api.w.org\/{rel}","templated":true}]}}