{"id":3,"date":"2022-04-11T14:44:59","date_gmt":"2022-04-11T11:44:59","guid":{"rendered":"https:\/\/www.elieradu.ro\/newelieradu\/?page_id=3"},"modified":"2026-03-30T15:11:09","modified_gmt":"2026-03-30T12:11:09","slug":"politica-de-confidentialitate","status":"publish","type":"page","link":"https:\/\/www.elieradu.ro\/newelieradu\/politica-de-confidentialitate\/","title":{"rendered":"Politic\u0103 de confiden\u021bialitate"},"content":{"rendered":"\n<h2 class=\"wp-block-heading\">Cine e\u0219ti (suntem)<\/h2>\n\n\n\n<p>Adresa site-ului nostru web este: https:\/\/www.elieradu.ro<\/p>\n\n\n\n<h2 class=\"wp-block-heading\">Comentarii<\/h2>\n\n\n\n<p>  C\u00e2nd vizitatorii las\u0103 comentarii pe site, colect\u0103m datele ar\u0103tate \u00een formularele de comentarii, dar \u0219i adresa IP a vizitatorului \u0219i \u0219irul agen\u021bilor utilizator din navigator pentru a ne ajuta la detectarea spamului.<\/p>\n\n\n\n<p>Media<\/p>\n\n\n\n<p><strong class=\"privacy-policy-tutorial\">  <\/strong>Dac\u0103 \u00eencarci imagini pe site-ul web, ar trebui s\u0103 evi\u021bi \u00eenc\u0103rcarea imaginilor care au incluse date de loca\u021bie \u00eenglobate (EXIF GPS). <\/p>\n\n\n\n<h2 class=\"wp-block-heading\">Cookie-uri<\/h2>\n\n\n\n<p><\/p>\n\n\n\n<p>         C\u00e2nd te autentifici, vom seta \u0219i c\u00e2teva cookie-uri pentru a-\u021bi salva informa\u021biile de autentificare \u0219i op\u021biunile de afi\u0219are pe ecran. Cookie-urile de autentificare sunt p\u0103strate dou\u0103 zile, iar cele pentru op\u021biuni de afi\u0219are pe ecran sunt p\u0103strate un an. Dac\u0103 selectezi \u201e\u021aine-m\u0103 minte\u201d, cookie-urile tale de autentificare vor fi p\u0103strate dou\u0103 s\u0103pt\u0103m\u00e2ni. Dac\u0103 te dezautentifici din cont, cookie-urile de autentificare vor fi eliminate.<\/p>\n\n\n\n<p>          Dac\u0103 editezi sau publici un articol, un cookie suplimentar va fi salvat \u00een navigatorul t\u0103u. Acest cookie nu include date personale \u0219i indic\u0103 pur \u0219i simplu ID-ul articolului pe care tocmai l-ai editat. El expir\u0103 dup\u0103 1 zi.<\/p>\n\n\n\n<h2 class=\"wp-block-heading\">Con\u021binut \u00eenglobat de pe alte site-uri web<\/h2>\n\n\n\n<p>  Articolele din acest site pot include con\u021binut \u00eenglobat (de exemplu, videouri, imagini, articole etc.). Con\u021binutul \u00eenglobat de pe alte site-uri web se comporta exact la fel ca \u0219i cum vizitatorii au vizualizat un alt site web.<\/p>\n\n\n\n<p>Aceste site-uri web pot s\u0103 colecteze date despre tine, s\u0103 foloseasc\u0103 cookie-uri, s\u0103 \u00eenglobeze urm\u0103rirea suplimentar\u0103 a ter\u021bilor \u0219i s\u0103-\u021bi monitorizeze interac\u021biunea cu con\u021binutul \u00eenglobat, inclusiv s\u0103-\u021bi urm\u0103reasc\u0103 interac\u021biunea cu con\u021binutul \u00eenglobat dac\u0103 ai un cont \u0219i e\u0219ti autentificat \u00een acel site web.<\/p>\n\n\n\n<h2 class=\"wp-block-heading\">Cu cine partaj\u0103m datele tale<\/h2>\n\n\n\n<p>   Dac\u0103 ceri resetarea parolei, adresa ta IP va fi inclus\u0103 \u00een emailul pentru resetare.<\/p>\n\n\n\n<h2 class=\"wp-block-heading\">C\u00e2t timp \u00ee\u021bi p\u0103str\u0103m datele<\/h2>\n\n\n\n<p>   Dac\u0103 la\u0219i un comentariu, comentariul \u0219i metadatele lui sunt p\u0103strate pe o perioad\u0103 nedeterminat\u0103. A\u0219a putem recunoa\u0219te \u0219i aproba automat toate comentariile urm\u0103toare \u00een loc s\u0103 le \u021binem \u00eentr-o coad\u0103 pentru moderare.<\/p>\n\n\n\n<p>Pentru utilizatorii (dac\u0103 exist\u0103) care se \u00eenregistreaz\u0103 pe site-ul nostru web, stoc\u0103m \u0219i informa\u021biile personale pe care le furnizeaz\u0103 \u00een profilul lor de utilizator. To\u021bi utilizatorii \u00ee\u0219i pot vedea, edita sau \u0219terge informa\u021biile personale oric\u00e2nd (dar nu \u00ee\u0219i pot schimba numele de utilizator). De asemenea, administratorii site-ului web pot vedea \u0219i edita aceste informa\u021bii.<\/p>\n\n\n\n<h2 class=\"wp-block-heading\">Ce drepturi ai asupra datelor tale<\/h2>\n\n\n\n<p>   Dac\u0103 ai un cont sau ai l\u0103sat comentarii pe acest site web, po\u021bi cere s\u0103 prime\u0219ti un fi\u0219ier de export cu datele cu caracter personal pe care le de\u021binem despre tine, inclusiv toate datele pe care ni le-ai furnizat. De asemenea, ne po\u021bi cere s\u0103 \u0219tergem toate datele cu caracter personal pe care le de\u021binem despre tine. Acestea nu includ \u0219i toate datele pe care suntem obliga\u021bi s\u0103 le p\u0103str\u0103m \u00een scopuri administrative, juridice sau de securitate.<\/p>\n\n\n\n<h2 class=\"wp-block-heading\">Unde \u00ee\u021bi trimitem datele<\/h2>\n\n\n\n<p>   Comentariile vizitatorilor pot fi verificate printr-un serviciu automat de detectare a spamului.<\/p>\n","protected":false},"excerpt":{"rendered":"<p>Cine e\u0219ti (suntem) Adresa site-ului nostru web este: https:\/\/www.elieradu.ro Comentarii C\u00e2nd vizitatorii las\u0103 comentarii pe site, colect\u0103m datele ar\u0103tate \u00een formularele de comentarii, dar \u0219i adresa IP a vizitatorului \u0219i \u0219irul agen\u021bilor utilizator din navigator pentru a ne ajuta la&#8230;<\/p>\n","protected":false},"author":1,"featured_media":0,"parent":0,"menu_order":6,"comment_status":"closed","ping_status":"closed","template":"","meta":{"_eb_attr":"","footnotes":""},"class_list":["post-3","page","type-page","status-publish","hentry","no-post-thumbnail"],"featured_image_src":null,"aioseo_notices":[],"_links":{"self":[{"href":"https:\/\/www.elieradu.ro\/newelieradu\/wp-json\/wp\/v2\/pages\/3","targetHints":{"allow":["GET"]}}],"collection":[{"href":"https:\/\/www.elieradu.ro\/newelieradu\/wp-json\/wp\/v2\/pages"}],"about":[{"href":"https:\/\/www.elieradu.ro\/newelieradu\/wp-json\/wp\/v2\/types\/page"}],"author":[{"embeddable":true,"href":"https:\/\/www.elieradu.ro\/newelieradu\/wp-json\/wp\/v2\/users\/1"}],"replies":[{"embeddable":true,"href":"https:\/\/www.elieradu.ro\/newelieradu\/wp-json\/wp\/v2\/comments?post=3"}],"version-history":[{"count":4,"href":"https:\/\/www.elieradu.ro\/newelieradu\/wp-json\/wp\/v2\/pages\/3\/revisions"}],"predecessor-version":[{"id":921,"href":"https:\/\/www.elieradu.ro\/newelieradu\/wp-json\/wp\/v2\/pages\/3\/revisions\/921"}],"wp:attachment":[{"href":"https:\/\/www.elieradu.ro\/newelieradu\/wp-json\/wp\/v2\/media?parent=3"}],"curies":[{"name":"wp","href":"https:\/\/api.w.org\/{rel}","templated":true}]}}